{"id":563,"date":"2023-01-19T19:19:41","date_gmt":"2023-01-19T18:19:41","guid":{"rendered":"http:\/\/rajdkonwalii.pl\/bcr\/?page_id=563"},"modified":"2026-02-16T18:22:37","modified_gmt":"2026-02-16T17:22:37","slug":"liga-mistrzow-hybryd16","status":"publish","type":"page","link":"http:\/\/rajdkonwalii.pl\/bcr\/liga-mistrzow-hybryd16\/","title":{"rendered":"Liga &#8222;Na szag\u0119&#8221;"},"content":{"rendered":"\n<p>Trasy AR80 i TP25 bior\u0105 udzia\u0142 w &#8222;Lidze na szag\u0119&#8221; &#8211; SPRAWD\u0179 i konkuruj z innymi o bycie liderem \ud83d\ude42<\/p>\n\n\n\n<figure class=\"wp-block-embed\"><div class=\"wp-block-embed__wrapper\">\nhttps:\/\/naszage.pl\/\n<\/div><\/figure>\n","protected":false},"excerpt":{"rendered":"<p>Trasy AR80 i TP25 bior\u0105 udzia\u0142 w &#8222;Lidze na szag\u0119&#8221; &#8211; SPRAWD\u0179 i konkuruj z innymi o bycie liderem \ud83d\ude42<\/p>\n","protected":false},"author":2,"featured_media":0,"parent":0,"menu_order":0,"comment_status":"closed","ping_status":"closed","template":"","meta":[],"_links":{"self":[{"href":"http:\/\/rajdkonwalii.pl\/bcr\/wp-json\/wp\/v2\/pages\/563"}],"collection":[{"href":"http:\/\/rajdkonwalii.pl\/bcr\/wp-json\/wp\/v2\/pages"}],"about":[{"href":"http:\/\/rajdkonwalii.pl\/bcr\/wp-json\/wp\/v2\/types\/page"}],"author":[{"embeddable":true,"href":"http:\/\/rajdkonwalii.pl\/bcr\/wp-json\/wp\/v2\/users\/2"}],"replies":[{"embeddable":true,"href":"http:\/\/rajdkonwalii.pl\/bcr\/wp-json\/wp\/v2\/comments?post=563"}],"version-history":[{"count":7,"href":"http:\/\/rajdkonwalii.pl\/bcr\/wp-json\/wp\/v2\/pages\/563\/revisions"}],"predecessor-version":[{"id":908,"href":"http:\/\/rajdkonwalii.pl\/bcr\/wp-json\/wp\/v2\/pages\/563\/revisions\/908"}],"wp:attachment":[{"href":"http:\/\/rajdkonwalii.pl\/bcr\/wp-json\/wp\/v2\/media?parent=563"}],"curies":[{"name":"wp","href":"https:\/\/api.w.org\/{rel}","templated":true}]}}