{"id":6,"date":"2014-05-30T09:20:03","date_gmt":"2014-05-30T09:20:03","guid":{"rendered":"http:\/\/serwer1404723.home.pl\/rajdkonwalii.pl\/lato_new\/?page_id=6"},"modified":"2020-06-23T05:20:07","modified_gmt":"2020-06-23T05:20:07","slug":"regulamin","status":"publish","type":"page","link":"http:\/\/rajdkonwalii.pl\/lato\/regulamin\/","title":{"rendered":"Regulamin"},"content":{"rendered":"<p>POSTANOWIENIA OG\u00d3LNE:<\/p>\n<p>1.Ekstremalny Rajd na Orientacj\u0119 Rajd Konwalii (zwany dalej Rajdem) jest rajdem sportowo &#8211; turystycznym.<\/p>\n<p>2.Organizatorem Rajdu jest Stowarzyszenie rajdkonwalii.pl oraz Adventure Sport Marek Galla<\/p>\n<p>3.Miejsce Rajdu:<br \/>\na.trasa Rajdu poprowadzona b\u0119dzie na terenie Powiatu \u017bni\u0144skiego i Mogile\u0144skiego;<br \/>\nb.biuro i baza Rajdu mie\u015bci\u0107 si\u0119 b\u0119dzie w <a href=\"https:\/\/www.google.com\/maps\/place\/Harcerski+O%C5%9Brodek+Edukacyjny+i+Wypoczynkowy+%22FOLUSZ%22\/@52.7895777,17.8306989,15z\/data=!4m5!3m4!1s0x0:0x1f3703595122820b!8m2!3d52.7895777!4d17.8306989\">Harcerskim O\u015brodku Edukacyjno-Wypoczynkowym w Foluszu<\/a><\/p>\n<p>4.Rajd odb\u0119dzie si\u0119 w dniu\u00a025 lipca\u00a02020 r. &#8211; trasa Speed oraz w dniu 26 lipca &#8211; trasa Bike i Relax<\/p>\n<p>5.Cele Rajdu:<br \/>\na.sprawdzenie granic w\u0142asnej wytrzyma\u0142o\u015bci i odporno\u015bci psychicznej;<br \/>\nb.popularyzacja imprez na orientacj\u0119, jako doskona\u0142ej formy niekonwencjonalnego wypoczynku;<br \/>\nc.upowszechnienie kultury fizycznej, sportu oraz turystyki;<br \/>\nd.wymiana do\u015bwiadcze\u0144 przez sympatyk\u00f3w imprez na orientacj\u0119;<br \/>\ne.praktyczne potwierdzenie w\u0142asnych umiej\u0119tno\u015bci w pos\u0142ugiwaniu si\u0119 map\u0105 i kompasem;<\/p>\n<p>WARUNKI UCZESTNICTWA:<\/p>\n<p>6.W Rajdzie mo\u017ce uczestniczy\u0107 ka\u017cda zainteresowana, pe\u0142noletnia osoba.<\/p>\n<p>7.Osoby niepe\u0142noletnie w wieku 14-17 lat mog\u0105 uczestniczy\u0107 w Rajdzie tylko za zgod\u0105 os\u00f3b powy\u017cej 21 roku \u017cycia. Fakt ten obowi\u0105zkowo nale\u017cy odnotowa\u0107 w formularzu zg\u0142oszeniowym.<\/p>\n<p>8.Udzia\u0142 w Rajdzie jest dobrowolny. W Rajdzie uczestnicy startuj\u0105 na w\u0142asn\u0105 odpowiedzialno\u015b\u0107 niezale\u017cnie od warunk\u00f3w pogodowych zastanych na trasach Rajdu i w razie wypadku nie b\u0119d\u0105 dochodzi\u0107 oni odszkodowania od Organizator\u00f3w.<\/p>\n<p>ZG\u0141OSZENIA:<\/p>\n<p>9.Uczestnicy zg\u0142aszaj\u0105 si\u0119 na zawody poprzez wype\u0142nienie formularza umieszczonego na stronie internetowej zawod\u00f3w.<\/p>\n<p>10.Warunkiem umieszczenia na li\u015bcie zawodnik\u00f3w dopuszczonych do udzia\u0142u w Rajdzie jest op\u0142ata wpisowego oraz dokonanie zg\u0142oszenia na stronie zawod\u00f3w.<\/p>\n<p>11.Wpisowe na Rajd wynosi:<\/p>\n<ol>\n<li>\n<table>\n<tbody>\n<tr>\n<td><\/td>\n<td>Pierwsze 20 zespo\u0142\u00f3w<\/td>\n<td>Kolejne 20 zespo\u0142\u00f3w<\/td>\n<td>Pozosta\u0142e zespo\u0142y<\/td>\n<\/tr>\n<tr>\n<td>Trasa Speed<\/td>\n<td>180 z\u0142\u00a0od zespo\u0142u (nadajnik GPS w cenie)<\/td>\n<td>210 z\u0142\u00a0od zespo\u0142u (nadajnik GPS w cenie)<\/td>\n<td>210 z\u0142\u00a0od zespo\u0142u<\/td>\n<\/tr>\n<tr>\n<\/tbody>\n<\/table>\n<\/li>\n<li>\n<table>\n<tbody>\n<tr>\n<td><\/td>\n<td>P\u0142atne do 30 czerwca 2020r.<\/td>\n<td>P\u0142atne po 30 czerwca 2020r.<\/td>\n<td>nadajnik GPS &#8211; \u015bled\u017agps.pl<\/td>\n<\/tr>\n<tr>\n<td>Trasa Bike i Relax<\/td>\n<td>50z\u0142<\/td>\n<td>65z\u0142<\/td>\n<td>+10z\u0142<\/td>\n<\/tr>\n<tr>\n<\/tbody>\n<\/table>\n<\/li>\n<li>Wpisowe nale\u017cy uiszcza\u0107 na konto:<br \/>\nDeutsche Bank 86 1910 1048 2667 4028 0767 0001<br \/>\nAdventure Sport Marek Galla<br \/>\nul. R\u00f3\u017cana 4<br \/>\n64-234 Mochy<br \/>\nTytu\u0142: Rajd Konwalii\u00a0+ [nazwa zespo\u0142u]<\/li>\n<\/ol>\n<p>Je\u015bli zesp\u00f3\u0142 zg\u0142osi si\u0119 na zawody i ui\u015bci wpisowe a nast\u0119pnie zrezygnuje ze startu, powinien poinformowa\u0107 o tym Organizatora. Zespo\u0142y, kt\u00f3re zg\u0142osz\u0105 absencj\u0119 do 1. lipca\u00a02020 roku, otrzymuj\u0105 zwrot w wysoko\u015bci 80%. Zespo\u0142y, kt\u00f3re poinformuj\u0105 o wycofaniu si\u0119 do\u00a015\u00a0lipca 2020 roku \u2013 otrzymuj\u0105 zwrot w wysoko\u015bci 50% wp\u0142aconego wpisowego. Po tym terminie wp\u0142acone wpisowe przepada na rzecz Organizator.<\/p>\n<p>12.W ramach wpisowego organizatorzy zapewniaj\u0105:<\/p>\n<p>a.noclegi w warunkach turystycznych przed i po rajdzie (w\u0142asny \u015bpiw\u00f3r i karimata oraz namiot);<br \/>\nb.nagrody i dyplomy dla najlepszych;<br \/>\nc.kolorow\u0105 map\u0119 geodezyjn\u0105 w skali 1:50000 z zaznaczonymi PK oraz komplet map potrzebnych do wykonania ZS;<br \/>\nd.numery startowe dla wszystkich zawodnik\u00f3w;<br \/>\ne.ciep\u0142y posi\u0142ek na mecie;<br \/>\nf.kajaki;<br \/>\ng.obs\u0142ug\u0119 i niezb\u0119dny sprz\u0119t podczas zada\u0144 specjalnych.<\/p>\n<p>ZASADY PRZEPROWADZANIA RAJDU:<\/p>\n<p>13.Rajd rozgrywany b\u0119dzie na trzech trasach:<\/p>\n<p>a.trasa speed\u00a0(TS), na kt\u00f3rej zawodnicy b\u0119d\u0105 porusza\u0107 si\u0119 rowerem, pieszo i kajakiem. Start w zespo\u0142ach dwuosobowych. Dystans oko\u0142o 70-80 km<br \/>\nb.trasa relax (TR), na kt\u00f3rej uczestnicy b\u0119d\u0105 porusza\u0107 si\u0119 pieszo. Dystans ok. 30km<br \/>\nc. trasa bike (TB), na kt\u00f3rej uczestnicy b\u0119d\u0105 porusza\u0107 si\u0119 rowerem. Dystans ok. 70km<\/p>\n<p>14.Podstawowym celem rajdu jest to, aby w limicie czasowym (12h &#8211; trasa Speed, 8h &#8211; trasa Bike i Relax) potwierdzi\u0107 obecno\u015b\u0107 na wszystkich Punktach Kontrolnych (PK) oraz uko\u0144czy\u0107 zadania specjalne<\/p>\n<p>15.Start wszystkich uczestnik\u00f3w poszczeg\u00f3lnych tras odbywa si\u0119 jednocze\u015bnie, po czym uczestnicy zmierzaj\u0105 do mety non-stop.<br \/>\n16.Wszelkie przerwy na trasie i w bazie Rajdu s\u0105 wliczane w czas przej\u015bcia trasy i mo\u017cna korzysta\u0107 z tego przywileju bez ogranicze\u0144.<\/p>\n<p>17.U\u017cywanie map innych ni\u017c dostarczone przez Organizator\u00f3w (w tym map w postaci cyfrowej w urz\u0105dzeniach nawigacji satelitarnej) jest zabronione. Uczestnik, kt\u00f3ry u\u017cywa niedozwolonych map zostanie zdyskwalifikowany.<\/p>\n<p>18.Warunkiem sklasyfikowania uczestnika jest odnalezienie i potwierdzenie pierwszego PK trasy oraz oddanie karty startowej na mecie Rajdu.<\/p>\n<p>19.Ustalanie kolejno\u015bci na mecie rajdu:<br \/>\na.wy\u017cej sklasyfikowaniu s\u0105 zawodnicy, kt\u00f3rzy zgromadzili wi\u0119ksz\u0105 ilo\u015b\u0107 punkt\u00f3w<br \/>\nb.w przypadku tej samej liczby punkt\u00f3w o kolejno\u015bci decyduje czas<br \/>\nc.punkty uczestnicy otrzymaj\u0105 za potwierdzenia PK i za pokonanie w ca\u0142o\u015bci lub tylko cz\u0119\u015bciowo ZS;<\/p>\n<p>WYPOSA\u017bENIE UCZESTNIK\u00d3W<\/p>\n<p>20.Uczestnik powinien posiada\u0107:<br \/>\na.kompas;<br \/>\nb.latark\u0119;<br \/>\nc.telefon kom\u00f3rkowy;<br \/>\nd.dow\u00f3d osobisty lub inny dokument potwierdzaj\u0105cy to\u017csamo\u015b\u0107;<br \/>\ne.ubezpieczenie NNW; (opcjonalne)<br \/>\nf.przybory medyczne (plaster, banda\u017c, wod\u0119 utlenion\u0105, foli\u0119 NRC itp.). (opcjonalne)<br \/>\ng. kask na etapach rowerowych<br \/>\nPOSTANOWIENIA KO\u0143COWE:<\/p>\n<p>21.Uczestnicy w czasie trwania Rajdu maj\u0105 prawo, i\u015b\u0107 oraz odpoczywa\u0107 wedle w\u0142asnej woli. Aby przebycie danej trasy by\u0142o &#8222;czyste&#8221; uczestnicy nie mog\u0105 korzysta\u0107 z \u017cadnego \u015brodka lokomocji. Uczestnicy nie mog\u0105 r\u00f3wnie\u017c korzysta\u0107 ze zorganizowanej pomocy os\u00f3b trzecich nie b\u0119d\u0105cych uczestnikami Rajdu oraz urz\u0105dze\u0144 do nawigacji satelitarnej. Dodatkowo zespo\u0142y trasy Adventure oraz Speed musz\u0105 ca\u0142\u0105 tras\u0119 przeby\u0107 razem (poza prologiem). Odleg\u0142o\u015b\u0107 mi\u0119dzy zawodnikami mo\u017ce wynosi\u0107 maksymalnie 100m.<\/p>\n<p>22.U\u017cywanie urz\u0105dze\u0144 do nawigacji satelitarnej jako pomocy nawigacyjnej jest zabronione. U\u017cywanie urz\u0105dze\u0144 do nawigacji satelitarnej dozwolone jest jedynie w celu zapisu \u015bladu (tracka) do wykorzystania po rajdzie i pomiaru przebytej drogi.<\/p>\n<p>23.Protesty mo\u017cna sk\u0142ada\u0107 w formie pisemnej lub elektronicznej od momentu og\u0142oszenia wynik\u00f3w wst\u0119pnych do 7 dni po Rajdzie (liczy si\u0119 data wys\u0142ania protestu) do S\u0119dziego G\u0142\u00f3wnego. Protesty zostan\u0105 rozpatrzone w ci\u0105gu 7 dni, po czym zostanie og\u0142oszona oficjalna klasyfikacja ko\u0144cowa Rajdu.<\/p>\n<p>24.Wszystkich uczestnik\u00f3w obowi\u0105zuje bezwzgl\u0119dne, obowi\u0105zkowe odmeldowanie si\u0119 po Rajdzie w jeden z poni\u017cej podanych sposob\u00f3w:<br \/>\na.na mecie (w przypadku uko\u0144czenia rajdu),<br \/>\nb.w bazie rajdu (w przypadku zej\u015bcia lub zjechania z trasy),<br \/>\nc.telefoniczne w Biurze Zawod\u00f3w, dzwoni\u0105c pod numer telefonu znajduj\u0105cy si\u0119 na mapach (w przypadku zej\u015bcia lub zjechania z trasy bez przybycia do bazy Rajdu).<\/p>\n<p>25.Odmeldowanie podyktowane jest wzgl\u0119dami bezpiecze\u0144stwa. W przypadku nie spe\u0142nienia tego obowi\u0105zku uczestnik mo\u017ce zosta\u0107 obci\u0105\u017cony kosztami podj\u0119tej akcji ratowniczej.<br \/>\n26.Organizatorzy nie zapewniaj\u0105 transportu dla uczestnik\u00f3w, kt\u00f3rzy rezygnuj\u0105 z kontynuowania trasy. W miar\u0119 mo\u017cliwo\u015bci Organizatorzy mog\u0105 przewie\u017a\u0107 uczestnik\u00f3w do bazy Rajdu. Czas oczekiwania na transport mo\u017ce by\u0107 jednak bardzo d\u0142ugi.<\/p>\n<p>27.Obowi\u0105zuje zakaz rozpalania i palenia ognisk na terenach le\u015bnych, poruszania si\u0119 po uprawach rolnych, szk\u00f3\u0142kach le\u015bnych i terenach prywatnych. Za szkody wyrz\u0105dzone wobec uczestnik\u00f3w przez osoby trzecie jak i odwrotnie Organizator nie odpowiada.<\/p>\n<p>28.Obowi\u0105zuje nakaz przestrzegania przepis\u00f3w prawa, a w szczeg\u00f3lno\u015bci przepis\u00f3w ruchu drogowego oraz przepis\u00f3w przeciw-po\u017carowych. Za skutki naruszenia tych przepis\u00f3w uczestnik odpowiada osobi\u015bcie.<\/p>\n<p>29.Wszyscy uczestnicy zobowi\u0105zani s\u0105 do posiadana i okazywania na wezwanie Organizator\u00f3w wa\u017cnego dowodu to\u017csamo\u015bci.<\/p>\n<p>30.Numer startowy, wydawany w Biurze Zawod\u00f3w przed startem nale\u017cy podczas trwania Rajdu obowi\u0105zkowo nosi\u0107 w widocznym miejscu na klatce piersiowej, plecach albo plecaku.<\/p>\n<p>31.Organizatorzy maj\u0105 prawo wycofa\u0107 z trasy uczestnika Rajdu, w przypadku stwierdzenia przez obs\u0142ug\u0119 medyczn\u0105 niezdolno\u015bci do kontynuowania wysi\u0142ku fizycznego podczas Rajdu oraz w przypadku stwierdzenia z\u0142amania przepis\u00f3w niniejszego regulaminu.<\/p>\n<p>32.Wszyscy uczestnicy Rajdu wyra\u017caj\u0105 zgod\u0119 na publikacj\u0119 ich wizerunku oraz ich imienia i nazwiska w relacjach z Rajdu zamieszczanych w mediach oraz materia\u0142ach promocyjnych Organizator\u00f3w, Patron\u00f3w i Sponsor\u00f3w oraz wyra\u017caj\u0105 zgod\u0119 na przetwarzanie ich danych osobowych na potrzeby organizowanych przez Stowarzyszenie rajdkonwalii.pl imprez i rajd\u00f3w jak r\u00f3wnie\u017c na ich gromadzenie w bazach danych Stowarzyszenie rajdkonwalii.pl zgodnie z przepisami ustawy z dnia 29.08.1997 o ochronie danych osobowych (Dz.U. 133\/97, poz. 883). Zgadzaj\u0105 si\u0119 r\u00f3wnie\u017c na otrzymywanie korespondencji drog\u0105 elektroniczn\u0105 i udost\u0119pniaj\u0105 w tym celu sw\u00f3j adres e-mail zgodnie z ustaw\u0105 z dnia 18.07.2002 r. o \u015bwiadczeniu us\u0142ug drog\u0105 elektroniczn\u0105 (Dz.U. 144\/02, poz. 1204).<br \/>\n33.Organizatorzy zastrzegaj\u0105 sobie prawo do zmiany regulaminu, o czym uczestnicy zostan\u0105 poinformowani najp\u00f3\u017aniej przed startem.<\/p>\n<p>34.Ostateczna interpretacja regulaminu nale\u017cy do Organizator\u00f3w. W sprawach spornych decyzja Organizator\u00f3w jest decyzj\u0105 ostateczn\u0105. Nieznajomo\u015b\u0107 regulaminu nie zwalnia uczestnika od jego przestrzegania.<\/p>\n","protected":false},"excerpt":{"rendered":"<p>POSTANOWIENIA OG\u00d3LNE: 1.Ekstremalny Rajd na Orientacj\u0119 Rajd Konwalii (zwany dalej Rajdem) jest rajdem sportowo &#8211; turystycznym. 2.Organizatorem Rajdu jest Stowarzyszenie rajdkonwalii.pl oraz Adventure Sport Marek Galla 3.Miejsce Rajdu: a.trasa Rajdu poprowadzona b\u0119dzie na terenie Powiatu \u017bni\u0144skiego i Mogile\u0144skiego; b.biuro i baza Rajdu mie\u015bci\u0107 si\u0119 b\u0119dzie w Harcerskim O\u015brodku Edukacyjno-Wypoczynkowym w Foluszu 4.Rajd odb\u0119dzie si\u0119 w &hellip; <\/p>\n<p><a class=\"more-link block-button\" href=\"http:\/\/rajdkonwalii.pl\/lato\/regulamin\/\">Kontynuuj czytanie &raquo;<\/a><\/p>\n","protected":false},"author":1,"featured_media":0,"parent":0,"menu_order":0,"comment_status":"open","ping_status":"open","template":"","meta":[],"_links":{"self":[{"href":"http:\/\/rajdkonwalii.pl\/lato\/wp-json\/wp\/v2\/pages\/6"}],"collection":[{"href":"http:\/\/rajdkonwalii.pl\/lato\/wp-json\/wp\/v2\/pages"}],"about":[{"href":"http:\/\/rajdkonwalii.pl\/lato\/wp-json\/wp\/v2\/types\/page"}],"author":[{"embeddable":true,"href":"http:\/\/rajdkonwalii.pl\/lato\/wp-json\/wp\/v2\/users\/1"}],"replies":[{"embeddable":true,"href":"http:\/\/rajdkonwalii.pl\/lato\/wp-json\/wp\/v2\/comments?post=6"}],"version-history":[{"count":37,"href":"http:\/\/rajdkonwalii.pl\/lato\/wp-json\/wp\/v2\/pages\/6\/revisions"}],"predecessor-version":[{"id":419,"href":"http:\/\/rajdkonwalii.pl\/lato\/wp-json\/wp\/v2\/pages\/6\/revisions\/419"}],"wp:attachment":[{"href":"http:\/\/rajdkonwalii.pl\/lato\/wp-json\/wp\/v2\/media?parent=6"}],"curies":[{"name":"wp","href":"https:\/\/api.w.org\/{rel}","templated":true}]}}